{"id":39478,"date":"2019-09-05T12:21:39","date_gmt":"2019-09-05T10:21:39","guid":{"rendered":"https:\/\/www.ferrovial.com\/company\/about-us\/comite-direccion\/"},"modified":"2023-02-03T12:31:51","modified_gmt":"2023-02-03T11:31:51","slug":"management-committee","status":"publish","type":"page","link":"https:\/\/www.ferrovial.com\/en\/company\/about-us\/management-committee\/","title":{"rendered":"Management Committee"},"content":{"rendered":"    <m-final-content-header >\n            <c-breadcrumb label-text=\"Breadcrumb\" slot=\"breadcrumbs\" type='2' align='left' wrap='wrapped wrapped' aria-label='You came from Our Organization'>\n                        <ol>\n\n                                                            <li><a href=\"https:\/\/www.ferrovial.com\/en\/\" title=\"Ferrovial\">Ferrovial<\/a><\/li>\n                                                                        <li><a href=\"https:\/\/www.ferrovial.com\/en\/company\/\" title=\"About Us\">About Us<\/a><\/li>\n                                                                        <li><a href=\"https:\/\/www.ferrovial.com\/en\/company\/about-us\/\" title=\"Our Organization\">Our Organization<\/a><\/li>\n                                    \n                <\/ol>\n\n                <\/c-breadcrumb>\n    \n        <div slot=\"header\">\n            <h1>\n                Management Committee            <\/h1>\n                    <\/div>\n    <\/m-final-content-header>\n\n    \n\n    <m-schedule>\n                        <p slot=\"title\">\n                                     <\/p>\n                \n                <p slot=\"description\">\n                    Description placeholder                <\/p>\n\n            \n        \n                    <div class=\"card\">\n\n                        <img decoding=\"async\" src=\"https:\/\/static.ferrovial.com\/wp-content\/uploads\/2022\/02\/21092548\/ignacio-madridejos-perfil-ferrovial-200x200.png\" alt=\"Ignacio-Madridejos-perfil-Ferrovial\" \/>                                <p class=\"name\">\n                                    Ignacio Madridejos                                <\/p>\n                                                                <p class=\"job\">\n                                    Chief Executive Officer (CEO)                                <\/p>\n                                                                <p class=\"description\">\n                                    Lorem ipsum                                <\/p>\n                                                                <a title='More information' aria-label='More information about Ignacio Madridejos'>More information<\/a>\n                                                    <\/div>\n                    \n                    <div class=\"card\">\n\n                        <img decoding=\"async\" src=\"https:\/\/static.ferrovial.com\/wp-content\/uploads\/2022\/02\/21092531\/dimitris-bountolos-perfil-ferrovial-200x200.png\" alt=\"Dimitris-Bountolos-perfil-Ferrovial\" \/>                                <p class=\"name\">\n                                    Dimitris Bountolos                                <\/p>\n                                                                <p class=\"job\">\n                                    Chief Information and Innovation Officer (CIIO)                                <\/p>\n                                                                <p class=\"description\">\n                                    Lorem ipsum                                <\/p>\n                                                                <a title='More information' aria-label='More information about Dimitris Bountolos'>More information<\/a>\n                                                    <\/div>\n                    \n                    <div class=\"card\">\n\n                        <img decoding=\"async\" src=\"https:\/\/static.ferrovial.com\/wp-content\/uploads\/2022\/02\/21092317\/luke-bugeja-perfil-ferrovial-200x200.png\" alt=\"Luke-Bugeja-perfil-Ferrovial\" \/>                                <p class=\"name\">\n                                    Luke Bugeja                                <\/p>\n                                                                <p class=\"job\">\n                                    Chief Executive Officer of Ferrovial Airports                                <\/p>\n                                                                <p class=\"description\">\n                                    Lorem ipsum                                <\/p>\n                                                                <a title='More information' aria-label='More information about Luke Bugeja'>More information<\/a>\n                                                    <\/div>\n                    \n                    <div class=\"card\">\n\n                        <img decoding=\"async\" src=\"https:\/\/static.ferrovial.com\/wp-content\/uploads\/2022\/02\/21092412\/carlos-cerezo-perfil-ferrovial-200x200.png\" alt=\"Carlos-Cerezo-perfil-Ferrovial\" \/>                                <p class=\"name\">\n                                    Carlos Cerezo                                 <\/p>\n                                                                <p class=\"job\">\n                                    Chief Human Resources Officer                                <\/p>\n                                                                <p class=\"description\">\n                                    Lorem ipsum                                <\/p>\n                                                                <a title='More information' aria-label='More information about Carlos Cerezo '>More information<\/a>\n                                                    <\/div>\n                    \n                    <div class=\"card\">\n\n                        <img decoding=\"async\" src=\"https:\/\/static.ferrovial.com\/wp-content\/uploads\/2022\/02\/21092335\/ignacio-gaston-perfil-ferrovial-200x200.png\" alt=\"Ignacio-Gaston-perfil-Ferrovial\" \/>                                <p class=\"name\">\n                                    Ignacio Gast\u00f3n                                <\/p>\n                                                                <p class=\"job\">\n                                    Chief Executive Officer of Ferrovial Construction                                <\/p>\n                                                                <p class=\"description\">\n                                    Lorem ipsum                                <\/p>\n                                                                <a title='More information' aria-label='More information about Ignacio Gast\u00f3n'>More information<\/a>\n                                                    <\/div>\n                    \n                    <div class=\"card\">\n\n                        <img decoding=\"async\" src=\"https:\/\/static.ferrovial.com\/wp-content\/uploads\/2022\/02\/21092510\/ernerto-lopez-perfil-ferrovial-200x200.png\" alt=\"Ernerto-Lopez-perfil-Ferrovial\" \/>                                <p class=\"name\">\n                                    Ernesto L\u00f3pez Mozo                                <\/p>\n                                                                <p class=\"job\">\n                                    Chief Financial Officer (CFO)                                <\/p>\n                                                                <p class=\"description\">\n                                    Lorem ipsum                                <\/p>\n                                                                <a title='More information' aria-label='More information about Ernesto L\u00f3pez Mozo'>More information<\/a>\n                                                    <\/div>\n                    \n                    <div class=\"card\">\n\n                        <img decoding=\"async\" src=\"https:\/\/static.ferrovial.com\/wp-content\/uploads\/2022\/02\/21092448\/gonzalo-nieto-perfil-ferrovial-200x200.png\" alt=\"Gonzalo-Nieto-perfil-Ferrovial\" \/>                                <p class=\"name\">\n                                    Gonzalo Nieto                                <\/p>\n                                                                <p class=\"job\">\n                                    Chief Executive Officer of Energy Infrastructure and Mobility                                <\/p>\n                                                                <p class=\"description\">\n                                    Lorem ipsum                                <\/p>\n                                                                <a title='More information' aria-label='More information about Gonzalo Nieto'>More information<\/a>\n                                                    <\/div>\n                    \n                    <div class=\"card\">\n\n                        <img decoding=\"async\" src=\"https:\/\/static.ferrovial.com\/wp-content\/uploads\/2023\/01\/18125557\/santiago-ortiz-200x200.png\" alt=\"Santiago Ortiz Ferrovial\" \/>                                <p class=\"name\">\n                                    Santiago Ortiz Vaamonde                                <\/p>\n                                                                <p class=\"job\">\n                                    General Counsel                                <\/p>\n                                                                <p class=\"description\">\n                                    Lorem ipsum                                <\/p>\n                                                                <a title='More information' aria-label='More information about Santiago Ortiz Vaamonde'>More information<\/a>\n                                                    <\/div>\n                    \n                    <div class=\"card\">\n\n                        <img decoding=\"async\" src=\"https:\/\/static.ferrovial.com\/wp-content\/uploads\/2022\/02\/21092353\/maria-teresa-perfil-ferrovial-200x200.png\" alt=\"Maria-Teresa-perfil-Ferrovial\" \/>                                <p class=\"name\">\n                                    Mar\u00eda Teresa Pulido                                <\/p>\n                                                                <p class=\"job\">\n                                    Chief Strategy Officer                                <\/p>\n                                                                <p class=\"description\">\n                                    Lorem ipsum                                <\/p>\n                                                                <a title='More Information' aria-label='More information about Mar\u00eda Teresa Pulido'>More Information<\/a>\n                                                    <\/div>\n                    \n                    <div class=\"card\">\n\n                        <img decoding=\"async\" src=\"https:\/\/static.ferrovial.com\/wp-content\/uploads\/2021\/04\/08174312\/andres-sacristan-ceo-cintra.png\" alt=\"\" \/>                                <p class=\"name\">\n                                    Andr\u00e9s Sacrist\u00e1n                                <\/p>\n                                                                <p class=\"job\">\n                                    Chief Executive Officer of Cintra                                <\/p>\n                                                                <p class=\"description\">\n                                    Lorem ipsum                                <\/p>\n                                                                <a title='More information' aria-label='More information about Andr\u00e9s Sacrist\u00e1n'>More information<\/a>\n                                                    <\/div>\n                        <\/m-schedule>\n    ","protected":false},"excerpt":{"rendered":"","protected":false},"author":3,"featured_media":0,"parent":19154,"menu_order":0,"comment_status":"closed","ping_status":"closed","template":"","meta":{"footnotes":""},"acf":[],"yoast_head":"<!-- This site is optimized with the Yoast SEO plugin v21.1 - https:\/\/yoast.com\/wordpress\/plugins\/seo\/ -->\n<title>Ferrovial&#039;s Management Committee<\/title>\n<meta name=\"description\" content=\"Get to know more about the members of Ferrovial&#039;s Management Committee. \u00cd\u00f1igo Meir\u00e1s, Mar\u00eda Dionis, Alejandro de la Joya...\" \/>\n<meta name=\"robots\" content=\"index, follow, max-snippet:-1, max-image-preview:large, max-video-preview:-1\" \/>\n<link rel=\"canonical\" href=\"https:\/\/www.ferrovial.com\/en\/company\/about-us\/management-committee\/\" \/>\n<meta property=\"og:locale\" content=\"en_US\" \/>\n<meta property=\"og:type\" content=\"article\" \/>\n<meta property=\"og:title\" content=\"Ferrovial&#039;s Management Committee\" \/>\n<meta property=\"og:description\" content=\"Get to know more about the members of Ferrovial&#039;s Management Committee. \u00cd\u00f1igo Meir\u00e1s, Mar\u00eda Dionis, Alejandro de la Joya...\" \/>\n<meta property=\"og:url\" content=\"https:\/\/www.ferrovial.com\/en\/company\/about-us\/management-committee\/\" \/>\n<meta property=\"og:site_name\" content=\"Ferrovial\" \/>\n<meta property=\"article:publisher\" content=\"https:\/\/www.facebook.com\/ferrovial\" \/>\n<meta property=\"article:modified_time\" content=\"2023-02-03T11:31:51+00:00\" \/>\n<meta name=\"twitter:card\" content=\"summary_large_image\" \/>\n<meta name=\"twitter:site\" content=\"@ferrovial\" \/>\n<!-- \/ Yoast SEO plugin. -->","yoast_head_json":{"title":"Ferrovial's Management Committee","description":"Get to know more about the members of Ferrovial's Management Committee. \u00cd\u00f1igo Meir\u00e1s, Mar\u00eda Dionis, Alejandro de la Joya...","robots":{"index":"index","follow":"follow","max-snippet":"max-snippet:-1","max-image-preview":"max-image-preview:large","max-video-preview":"max-video-preview:-1"},"canonical":"https:\/\/www.ferrovial.com\/en\/company\/about-us\/management-committee\/","og_locale":"en_US","og_type":"article","og_title":"Ferrovial's Management Committee","og_description":"Get to know more about the members of Ferrovial's Management Committee. \u00cd\u00f1igo Meir\u00e1s, Mar\u00eda Dionis, Alejandro de la Joya...","og_url":"https:\/\/www.ferrovial.com\/en\/company\/about-us\/management-committee\/","og_site_name":"Ferrovial","article_publisher":"https:\/\/www.facebook.com\/ferrovial","article_modified_time":"2023-02-03T11:31:51+00:00","twitter_card":"summary_large_image","twitter_site":"@ferrovial","schema":{"@context":"https:\/\/schema.org","@graph":[{"@type":"WebPage","@id":"https:\/\/www.ferrovial.com\/en\/company\/about-us\/management-committee\/","url":"https:\/\/www.ferrovial.com\/en\/company\/about-us\/management-committee\/","name":"Ferrovial's Management Committee","isPartOf":{"@id":"https:\/\/www.ferrovial.com\/en\/#website"},"datePublished":"2019-09-05T10:21:39+00:00","dateModified":"2023-02-03T11:31:51+00:00","description":"Get to know more about the members of Ferrovial's Management Committee. \u00cd\u00f1igo Meir\u00e1s, Mar\u00eda Dionis, Alejandro de la Joya...","breadcrumb":{"@id":"https:\/\/www.ferrovial.com\/en\/company\/about-us\/management-committee\/#breadcrumb"},"inLanguage":"en","potentialAction":[{"@type":"ReadAction","target":["https:\/\/www.ferrovial.com\/en\/company\/about-us\/management-committee\/"]}]},{"@type":"BreadcrumbList","@id":"https:\/\/www.ferrovial.com\/en\/company\/about-us\/management-committee\/#breadcrumb","itemListElement":[{"@type":"ListItem","position":1,"name":"Portada","item":"https:\/\/www.ferrovial.com\/en\/"},{"@type":"ListItem","position":2,"name":"About Us","item":"https:\/\/www.ferrovial.com\/en\/company\/"},{"@type":"ListItem","position":3,"name":"Our Organization","item":"https:\/\/www.ferrovial.com\/en\/company\/about-us\/"},{"@type":"ListItem","position":4,"name":"Management Committee"}]},{"@type":"WebSite","@id":"https:\/\/www.ferrovial.com\/en\/#website","url":"https:\/\/www.ferrovial.com\/en\/","name":"Ferrovial","description":"","publisher":{"@id":"https:\/\/www.ferrovial.com\/en\/#organization"},"potentialAction":[{"@type":"SearchAction","target":{"@type":"EntryPoint","urlTemplate":"https:\/\/www.ferrovial.com\/en\/?s={search_term_string}"},"query-input":"required name=search_term_string"}],"inLanguage":"en"},{"@type":"Organization","@id":"https:\/\/www.ferrovial.com\/en\/#organization","name":"Ferrovial S.A.","url":"https:\/\/www.ferrovial.com\/en\/","logo":{"@type":"ImageObject","inLanguage":"en","@id":"https:\/\/www.ferrovial.com\/en\/#\/schema\/logo\/image\/","url":"https:\/\/static.ferrovial.com\/wp-content\/uploads\/2020\/01\/13124948\/logo-ferrovial-cf7.png","contentUrl":"https:\/\/static.ferrovial.com\/wp-content\/uploads\/2020\/01\/13124948\/logo-ferrovial-cf7.png","width":144,"height":32,"caption":"Ferrovial S.A."},"image":{"@id":"https:\/\/www.ferrovial.com\/en\/#\/schema\/logo\/image\/"},"sameAs":["https:\/\/www.facebook.com\/ferrovial","https:\/\/twitter.com\/ferrovial","https:\/\/www.instagram.com\/ferrovial\/","https:\/\/www.linkedin.com\/company\/ferrovial","https:\/\/www.pinterest.es\/ferrovial\/","https:\/\/www.youtube.com\/ferrovial","https:\/\/en.wikipedia.org\/wiki\/Ferrovial"]}]}},"_links":{"self":[{"href":"https:\/\/www.ferrovial.com\/en\/wp-json\/wp\/v2\/pages\/39478"}],"collection":[{"href":"https:\/\/www.ferrovial.com\/en\/wp-json\/wp\/v2\/pages"}],"about":[{"href":"https:\/\/www.ferrovial.com\/en\/wp-json\/wp\/v2\/types\/page"}],"author":[{"embeddable":true,"href":"https:\/\/www.ferrovial.com\/en\/wp-json\/wp\/v2\/users\/3"}],"replies":[{"embeddable":true,"href":"https:\/\/www.ferrovial.com\/en\/wp-json\/wp\/v2\/comments?post=39478"}],"version-history":[{"count":3,"href":"https:\/\/www.ferrovial.com\/en\/wp-json\/wp\/v2\/pages\/39478\/revisions"}],"predecessor-version":[{"id":254038,"href":"https:\/\/www.ferrovial.com\/en\/wp-json\/wp\/v2\/pages\/39478\/revisions\/254038"}],"up":[{"embeddable":true,"href":"https:\/\/www.ferrovial.com\/en\/wp-json\/wp\/v2\/pages\/19154"}],"wp:attachment":[{"href":"https:\/\/www.ferrovial.com\/en\/wp-json\/wp\/v2\/media?parent=39478"}],"curies":[{"name":"wp","href":"https:\/\/api.w.org\/{rel}","templated":true}]}}