{"id":27619,"date":"2019-09-05T16:56:19","date_gmt":"2019-09-05T14:56:19","guid":{"rendered":"https:\/\/www.ferrovial.com\/sustainability\/environment-and-quality\/capital-natural\/"},"modified":"2023-07-21T10:16:14","modified_gmt":"2023-07-21T08:16:14","slug":"natural-capital","status":"publish","type":"page","link":"https:\/\/www.ferrovial.com\/en\/sustainability\/environment\/natural-capital\/","title":{"rendered":"Biodiversity and Natural Capital"},"content":{"rendered":"    <m-final-content-header bgimage='https:\/\/static.ferrovial.com\/wp-content\/uploads\/2019\/11\/13140654\/sostenibilidad_uganda.jpg'>\n            <c-breadcrumb label-text=\"Breadcrumb\" slot=\"breadcrumbs\" type='2' align='left' wrap='wrapped wrapped' aria-label='You came from Environment'>\n                        <ol>\n\n                                                            <li><a href=\"https:\/\/www.ferrovial.com\/en\/\" title=\"Ferrovial\">Ferrovial<\/a><\/li>\n                                                                        <li><a href=\"https:\/\/www.ferrovial.com\/en\/sustainability\/\" title=\"Sustainability\">Sustainability<\/a><\/li>\n                                                                        <li><a href=\"https:\/\/www.ferrovial.com\/en\/sustainability\/environment\/\" title=\"Environment\">Environment<\/a><\/li>\n                                    \n                <\/ol>\n\n                <\/c-breadcrumb>\n    \n        <div slot=\"header\">\n            <h1>\n                Biodiversity and Natural Capital            <\/h1>\n                    <\/div>\n    <\/m-final-content-header>\n\n    \n\n\n<m-wysiwig class=\"wp-block-components-wysiwyg\"><div slot=\"maincontent\">    <p class=\"intro\">Ferrovial recognizes the key role that biodiversity plays in providing services that support the economy and social well-being.<\/p>\n    \n\n\n<p>We understand our responsibility to the natural environment and are committed to the protection and conservation of nature.<\/p>\n\n\n\n<p>We incorporate the criteria of the mitigation hierarchy in environmental management. We follow the principle of &#8216;no net loss&#8217; of biodiversity as a guideline to minimize and compensate for the negative impacts of our activities.<\/p>\n\n\n\n<h2 class=\"wp-block-heading\"><strong>Biodiversity Policy<\/strong><\/h2>\n\n\n\n<p>The organization has a Biodiversity Policy integrated into the management system that governs the organizational and operational processes of all its contracts. This policy articulates the organization&#8217;s principles on:<\/p>\n\n\n\n<ul>\n<li>Conservation and protection of species and natural ecosystems.<\/li>\n\n\n\n<li>Application of hierarchical criteria to mitigate negative impacts.<\/li>\n\n\n\n<li>Responsible use of natural resources.<\/li>\n\n\n\n<li>Combating deforestation.<\/li>\n\n\n\n<li>Application of nature-based solutions.<\/li>\n\n\n\n<li>Integration of natural capital in risk management.<\/li>\n<\/ul>\n\n\n\n<p>We extend compliance with these principles to all subcontractors providing services within the scope of our projects.<\/p>\n\n\n\n<h2 class=\"wp-block-heading\">Commitments<\/h2>\n\n\n\n<p>We follow the principle of &#8220;no net loss&#8221; of biodiversity as a guideline to mitigate and offset the negative impacts of our activities. In line with this, we are committed to:<\/p>\n\n\n\n<ul>\n<li>Seek the net positive impact of the business and enhance the recovery of biodiversity and natural capital.<\/li>\n\n\n\n<li>To focus on nature-based processes and solutions that contribute to the ecological transition.<\/li>\n\n\n\n<li>Dialogue with stakeholders, including the public administration, to create alliances, support research and promote open innovation.<\/li>\n<\/ul>\n\n\n\n<p>Through the Biodiversity Pact, at Ferrovial we have committed to act immediately, assessing and disseminating the most relevant impacts and dependencies of our activity related to biodiversity and natural capital. Likewise, we will develop a roadmap to avoid or reduce them following the mitigation hierarchy.<\/p>\n<\/div><\/m-wysiwig>\n\n\n\n<m-wysiwig class=\"wp-block-components-wysiwyg\"><div slot=\"maincontent\">\n<h2 class=\"wp-block-heading\">Integrated Natural Capital Assessment (INCA)<\/h2>\n\n\n\n<p>Aware of the impact that our activity has on nature, the company aims to minimize the impact on the environment and integrate its infrastructures with the landscape. Thus, in order to ensure responsible management of biodiversity, Ferrovial has developed a methodology and an internal tool for calculating the net debt of natural capital called <a href=\"https:\/\/newsroom.ferrovial.com\/es\/articulo_inforvial\/inca-innovacion-pionera-infraestructuras-sostenibles\/\" target=\"_blank\" rel=\"noreferrer noopener\">INCA<\/a>, based on the automation of the calculation of the impact of infrastructures on biodiversity and ecosystem services.<\/p>\n\n\n\n<h2 class=\"wp-block-heading\">Alignment with TNFD<\/h2>\n\n\n\n<p>The <a href=\"https:\/\/tnfd.global\/about\/#who\" target=\"_blank\" rel=\"noreferrer noopener\">Task Force on <\/a><a href=\"https:\/\/tnfd.global\/about\/#who\" target=\"_blank\" rel=\"noreferrer noopener nofollow\">Nature-rel<\/a><a href=\"https:\/\/tnfd.global\/about\/#who\" target=\"_blank\" rel=\"noreferrer noopener\">ated Financial Disclosures (TNFD<\/a>) is a global initiative that seeks to address the crisis of biodiversity loss and ecosystem deterioration.<br><br><a href=\"https:\/\/www.ferrovial.com\/en\/sustainability\/environment\/taskforce-on-nature\/\" target=\"_blank\" rel=\"noreferrer noopener\">Ferrovial is working on aligning with this standard<\/a> to integrate natural capital into decision-making. We are focusing on the identification and analysis of dependencies, impacts, risks and opportunities related to the nature of our activities.<\/p>\n\n\n\n<h2 class=\"wp-block-heading\">Collaborations and memberships<\/h2>\n\n\n\n<p>Ferrovial participates in working groups related to natural capital such as the Spanish Group for Green Growth (GECV) and the Spanish Biodiversity Business Initiative (IEEB). These groups work to integrate and enhance the value of natural capital in organizations for an economic transition towards sustainable development models. With IEEB we have collaborated for the realization of the &#8220;Gu\u00eda pr\u00e1ctica de restauraci\u00f3n ecol\u00f3gica&#8221; (2018), a methodological tool for the strengthening and recovery of natural capital.<br><br>We formed collaborations also with leading international organizations in the protection of nature and the defense of the environment such as WWF. We have prepared the Guide for the purchase of wood&#8221; (2015) after committing to responsible purchasing of wood products.<br>Following our &#8220;Ferrovial, Natural Capital&#8221; program to assess and mitigate the impact of our activity and anticipate market trends, we carry out projects related to biodiversity in collaboration with scientific institutions such as <a href=\"https:\/\/www.csic.es\/es\" target=\"_blank\" rel=\"noreferrer noopener\">CSIC<\/a>, <a href=\"https:\/\/www.urjc.es\" target=\"_blank\" rel=\"noreferrer noopener\">URJC<\/a> or <a href=\"https:\/\/www.usal.es\" target=\"_blank\" rel=\"noreferrer noopener\">USAL<\/a>.<br><br>A reflection of the commitments we have made in the area of biodiversity is our adherence to the new <a href=\"https:\/\/ieeb.fundacion-biodiversidad.es\/\" target=\"_blank\" rel=\"noreferrer noopener\">IEEB Biodiversity and Natural Capital Pact<\/a> in the formula with the greatest impact: &#8220;ACTION&#8221;.<\/p>\n\n\n\n<h2 class=\"wp-block-heading\">Catalogs and guides<\/h2>\n\n\n\n<p>We prepare best practice documents related to natural capital both in collaboration with other organizations or entities and internally.<\/p>\n\n\n\n<ul>\n<li><a href=\"https:\/\/static.ferrovial.com\/wp-content\/uploads\/2019\/11\/13140706\/timber-procurement-statement-2011.pdf\" target=\"_blank\" rel=\"noreferrer noopener\">Guide for timber procurement (2015)<\/a><\/li>\n\n\n\n<li><a href=\"https:\/\/static.ferrovial.com\/wp-content\/uploads\/2019\/10\/13141111\/Guia-Practica_RE.pdf\">Practical Guide to Ecological Restoration (2018)<\/a><\/li>\n\n\n\n<li><a href=\"https:\/\/static.ferrovial.com\/wp-content\/uploads\/2019\/11\/13140705\/resumen_ejecutivo_en.pdf\">Executive summary of the ecological restoration guide<\/a><\/li>\n\n\n\n<li><a href=\"https:\/\/static.ferrovial.com\/wp-content\/uploads\/2022\/06\/22144243\/biodiversity-initiatives-fauna-2022.pdf\">Catalog of Wildlife Initiatives (2022)<\/a><\/li>\n\n\n\n<li><a href=\"https:\/\/static.ferrovial.com\/wp-content\/uploads\/2022\/06\/22144236\/biodiversity-initiatives-flora-2022.pdf\" target=\"_blank\" rel=\"noreferrer noopener\">Catalog of flora initiatives (2022)<\/a><\/li>\n<\/ul>\n\n\n\n<h2 class=\"wp-block-heading\">Beyond the value chain &#8211; Nature-based solutions<\/h2>\n\n\n\n<p>Our commitment to nature goes beyond the value chain. Ferrovial has invested in the <a href=\"https:\/\/www.ferrovial.com\/en\/sustainability\/environment\/carbon-footprint\/\" target=\"_blank\" rel=\"noreferrer noopener\">Compensa project<\/a>, a nature-based solution consisting of forest restoration in degraded areas (burned or agricultural).<br><br>In this way, we are contributing to the generation of positive social and environmental impact in several areas: absorption of emissions, restoration of ecosystems, promotion of biodiversity and promotion of local employment, prioritizing groups at risk of social exclusion.<\/p>\n\n\n\n<figure class=\"wp-block-embed is-type-video is-provider-youtube wp-block-embed-youtube wp-embed-aspect-16-9 wp-has-aspect-ratio\"><div class=\"wp-block-embed__wrapper\">\n<iframe loading=\"lazy\" title=\"\u00bfPlantar \u00e1rboles para reducir la huella de carbono? Ferrovial y la lucha contra el cambio clim\u00e1tico\" width=\"500\" height=\"281\" src=\"https:\/\/www.youtube.com\/embed\/IqbsJ_YJhXE?start=4&#038;feature=oembed&#038;enablejsapi=1&#038;origin=https:\/\/www.ferrovial.com\" frameborder=\"0\" allow=\"accelerometer; autoplay; clipboard-write; encrypted-media; gyroscope; picture-in-picture; web-share\" allowfullscreen><\/iframe>\n<\/div><\/figure>\n<\/div><\/m-wysiwig>\n","protected":false},"excerpt":{"rendered":"","protected":false},"author":3,"featured_media":0,"parent":27457,"menu_order":0,"comment_status":"closed","ping_status":"closed","template":"","meta":{"footnotes":""},"acf":[],"yoast_head":"<!-- This site is optimized with the Yoast SEO plugin v21.1 - https:\/\/yoast.com\/wordpress\/plugins\/seo\/ -->\n<title>Natural capital and ecosystem sustainability | Ferrovial<\/title>\n<meta name=\"description\" content=\"Through the &quot;Ferrovial, Natural Capital&quot; program, the company works on different projects related to biodiversity. Find out how we&#039;re...\" \/>\n<meta name=\"robots\" content=\"index, follow, max-snippet:-1, max-image-preview:large, max-video-preview:-1\" \/>\n<link rel=\"canonical\" href=\"https:\/\/www.ferrovial.com\/en\/sustainability\/environment\/natural-capital\/\" \/>\n<meta property=\"og:locale\" content=\"en_US\" \/>\n<meta property=\"og:type\" content=\"article\" \/>\n<meta property=\"og:title\" content=\"Natural capital and ecosystem sustainability | Ferrovial\" \/>\n<meta property=\"og:description\" content=\"Through the &quot;Ferrovial, Natural Capital&quot; program, the company works on different projects related to biodiversity. Find out how we&#039;re...\" \/>\n<meta property=\"og:url\" content=\"https:\/\/www.ferrovial.com\/en\/sustainability\/environment\/natural-capital\/\" \/>\n<meta property=\"og:site_name\" content=\"Ferrovial\" \/>\n<meta property=\"article:publisher\" content=\"https:\/\/www.facebook.com\/ferrovial\" \/>\n<meta property=\"article:modified_time\" content=\"2023-07-21T08:16:14+00:00\" \/>\n<meta name=\"twitter:card\" content=\"summary_large_image\" \/>\n<meta name=\"twitter:site\" content=\"@ferrovial\" \/>\n<meta name=\"twitter:label1\" content=\"Est. reading time\" \/>\n\t<meta name=\"twitter:data1\" content=\"4 minutes\" \/>\n<!-- \/ Yoast SEO plugin. -->","yoast_head_json":{"title":"Natural capital and ecosystem sustainability | Ferrovial","description":"Through the \"Ferrovial, Natural Capital\" program, the company works on different projects related to biodiversity. Find out how we're...","robots":{"index":"index","follow":"follow","max-snippet":"max-snippet:-1","max-image-preview":"max-image-preview:large","max-video-preview":"max-video-preview:-1"},"canonical":"https:\/\/www.ferrovial.com\/en\/sustainability\/environment\/natural-capital\/","og_locale":"en_US","og_type":"article","og_title":"Natural capital and ecosystem sustainability | Ferrovial","og_description":"Through the \"Ferrovial, Natural Capital\" program, the company works on different projects related to biodiversity. Find out how we're...","og_url":"https:\/\/www.ferrovial.com\/en\/sustainability\/environment\/natural-capital\/","og_site_name":"Ferrovial","article_publisher":"https:\/\/www.facebook.com\/ferrovial","article_modified_time":"2023-07-21T08:16:14+00:00","twitter_card":"summary_large_image","twitter_site":"@ferrovial","twitter_misc":{"Est. reading time":"4 minutes"},"schema":{"@context":"https:\/\/schema.org","@graph":[{"@type":"WebPage","@id":"https:\/\/www.ferrovial.com\/en\/sustainability\/environment\/natural-capital\/","url":"https:\/\/www.ferrovial.com\/en\/sustainability\/environment\/natural-capital\/","name":"Natural capital and ecosystem sustainability | Ferrovial","isPartOf":{"@id":"https:\/\/www.ferrovial.com\/en\/#website"},"datePublished":"2019-09-05T14:56:19+00:00","dateModified":"2023-07-21T08:16:14+00:00","description":"Through the \"Ferrovial, Natural Capital\" program, the company works on different projects related to biodiversity. Find out how we're...","breadcrumb":{"@id":"https:\/\/www.ferrovial.com\/en\/sustainability\/environment\/natural-capital\/#breadcrumb"},"inLanguage":"en","potentialAction":[{"@type":"ReadAction","target":["https:\/\/www.ferrovial.com\/en\/sustainability\/environment\/natural-capital\/"]}]},{"@type":"BreadcrumbList","@id":"https:\/\/www.ferrovial.com\/en\/sustainability\/environment\/natural-capital\/#breadcrumb","itemListElement":[{"@type":"ListItem","position":1,"name":"Portada","item":"https:\/\/www.ferrovial.com\/en\/"},{"@type":"ListItem","position":2,"name":"Sustainability","item":"https:\/\/www.ferrovial.com\/en\/sustainability\/"},{"@type":"ListItem","position":3,"name":"Environment","item":"https:\/\/www.ferrovial.com\/en\/sustainability\/environment\/"},{"@type":"ListItem","position":4,"name":"Biodiversity and Natural Capital"}]},{"@type":"WebSite","@id":"https:\/\/www.ferrovial.com\/en\/#website","url":"https:\/\/www.ferrovial.com\/en\/","name":"Ferrovial","description":"","publisher":{"@id":"https:\/\/www.ferrovial.com\/en\/#organization"},"potentialAction":[{"@type":"SearchAction","target":{"@type":"EntryPoint","urlTemplate":"https:\/\/www.ferrovial.com\/en\/?s={search_term_string}"},"query-input":"required name=search_term_string"}],"inLanguage":"en"},{"@type":"Organization","@id":"https:\/\/www.ferrovial.com\/en\/#organization","name":"Ferrovial S.A.","url":"https:\/\/www.ferrovial.com\/en\/","logo":{"@type":"ImageObject","inLanguage":"en","@id":"https:\/\/www.ferrovial.com\/en\/#\/schema\/logo\/image\/","url":"https:\/\/static.ferrovial.com\/wp-content\/uploads\/2020\/01\/13124948\/logo-ferrovial-cf7.png","contentUrl":"https:\/\/static.ferrovial.com\/wp-content\/uploads\/2020\/01\/13124948\/logo-ferrovial-cf7.png","width":144,"height":32,"caption":"Ferrovial S.A."},"image":{"@id":"https:\/\/www.ferrovial.com\/en\/#\/schema\/logo\/image\/"},"sameAs":["https:\/\/www.facebook.com\/ferrovial","https:\/\/twitter.com\/ferrovial","https:\/\/www.instagram.com\/ferrovial\/","https:\/\/www.linkedin.com\/company\/ferrovial","https:\/\/www.pinterest.es\/ferrovial\/","https:\/\/www.youtube.com\/ferrovial","https:\/\/en.wikipedia.org\/wiki\/Ferrovial"]}]}},"_links":{"self":[{"href":"https:\/\/www.ferrovial.com\/en\/wp-json\/wp\/v2\/pages\/27619"}],"collection":[{"href":"https:\/\/www.ferrovial.com\/en\/wp-json\/wp\/v2\/pages"}],"about":[{"href":"https:\/\/www.ferrovial.com\/en\/wp-json\/wp\/v2\/types\/page"}],"author":[{"embeddable":true,"href":"https:\/\/www.ferrovial.com\/en\/wp-json\/wp\/v2\/users\/3"}],"replies":[{"embeddable":true,"href":"https:\/\/www.ferrovial.com\/en\/wp-json\/wp\/v2\/comments?post=27619"}],"version-history":[{"count":3,"href":"https:\/\/www.ferrovial.com\/en\/wp-json\/wp\/v2\/pages\/27619\/revisions"}],"predecessor-version":[{"id":265577,"href":"https:\/\/www.ferrovial.com\/en\/wp-json\/wp\/v2\/pages\/27619\/revisions\/265577"}],"up":[{"embeddable":true,"href":"https:\/\/www.ferrovial.com\/en\/wp-json\/wp\/v2\/pages\/27457"}],"wp:attachment":[{"href":"https:\/\/www.ferrovial.com\/en\/wp-json\/wp\/v2\/media?parent=27619"}],"curies":[{"name":"wp","href":"https:\/\/api.w.org\/{rel}","templated":true}]}}