{"id":254275,"date":"2023-02-08T16:46:03","date_gmt":"2023-02-08T15:46:03","guid":{"rendered":"https:\/\/www.ferrovial.com\/?page_id=254275"},"modified":"2023-11-27T13:06:38","modified_gmt":"2023-11-27T12:06:38","slug":"the-movers","status":"publish","type":"page","link":"https:\/\/www.ferrovial.com\/en\/the-movers\/","title":{"rendered":"The Movers"},"content":{"rendered":"    <m-hero type='reduced' :translations='{\n        &quot;play&quot;:&quot;Play background video&quot;,\n        &quot;pause&quot;:&quot;Pause background video&quot;,\n        &quot;prev&quot;:&quot;Previous&quot;,\n        &quot;next&quot;:&quot;Next&quot;,\n        &quot;paginationseparator&quot;:&quot;of&quot;,\n        &quot;goto&quot;:&quot;Go to slide&quot;,\n        &quot;external&quot;:&quot;Open new window&quot;\n    }'>\n        \n                        <div slot=\"carouselItem\">\n                            <c-background-video :sources=\"['https:\/\/static.ferrovial.com\/wp-content\/uploads\/2022\/06\/29122500\/sonidos-por-un-mundo-en-movimiento.mp4']\" position=\"center center\" poster=\"https:\/\/static.ferrovial.com\/wp-content\/uploads\/2019\/09\/13134314\/lbj-1.jpg\" :translations=\"{&quot;play&quot;:&quot;Play background video&quot;,&quot;pause&quot;:&quot;Pause background video&quot;}\"><\/c-background-video>\n                        <\/div>\n        <section slot=\"hero\">\n            <article>\n                                        <h1>\n                            The Movers                        <\/h1>\n                                                <p>Description placeholder<\/p>\n                                    <\/article>\n        <\/section>\n    <\/m-hero>\n\n    \n\n\n<m-wysiwig class=\"wp-block-components-wysiwyg\"><div slot=\"maincontent\"><\/div><\/m-wysiwig>\n\n\n    <m-introduction-subhome type='primary' pathfront='1' pathback='2' icon='gestion-instalaciones'>\n        <img decoding=\"async\" class=\"dots hidden\" slot=\"bg\" src=\"https:\/\/www.ferrovial.com\/wp-content\/themes\/global\/front\/dist\/static\/img\/dots.svg\" alt=\"\" \/>\n                        <h3 slot=\"title\">\n                    The Movers: a Ferrovial docuseries                <\/h3>\n                                <p slot=\"description\">\n                    Learn about the day-to-day of those people who help the world move: our employees. We hope you like it!\n                <\/p>\n                    <\/m-introduction-subhome>\n    \n\n\n<m-wysiwig class=\"wp-block-components-wysiwyg\"><div slot=\"maincontent\">\n<h2 class=\"wp-block-heading\">Episode 6<\/h2>\n<\/div><\/m-wysiwig>\n\n\n    <m-video fullwidth>\n                <a class='m-video__modal' slot='modal' href='https:\/\/www.youtube-nocookie.com\/embed\/j4F8BzFykA4'>\n            <img slot=\"poster\" v-lazy=\"'https:\/\/static.ferrovial.com\/wp-content\/uploads\/2023\/11\/27130536\/portadillas-the-movers-6-en-1.png'\" title=\"\" width=\"1280\" height=\"100%\" >\n        <\/a>\n            <\/m-video>\n    \n\n\n<m-wysiwig class=\"wp-block-components-wysiwyg\"><div slot=\"maincontent\">\n<h3 class=\"wp-block-heading\">Santiago de Compostela and the Efficient Lighting for Cities<\/h3>\n\n\n\n<p>One of the most interesting contributions of urban lighting projects is how the night of cities is modified. To some extent, you have a certain power in your hands to make the city move in the way you think best. We are in Santiago de Compostela and in this episode we interview \u00c1lvaro Pi\u00f1eiro, manager of Ferrovial&#8217;s Galicia and Asturias Energy Division. \u00c1lvaro is an industrial engineer who started his career 26 years ago. In this episode, he will tell us how to define light in a city and how to achieve more efficient urban lighting.<\/p>\n<\/div><\/m-wysiwig>\n\n\n\n<m-wysiwig class=\"wp-block-components-wysiwyg\"><div slot=\"maincontent\">\n<h2 class=\"wp-block-heading\">Episode 5<\/h2>\n<\/div><\/m-wysiwig>\n\n\n    <m-video fullwidth>\n                <a class='m-video__modal' slot='modal' href='https:\/\/www.youtube-nocookie.com\/embed\/MhOwuaLEbvI'>\n            <img slot=\"poster\" v-lazy=\"'https:\/\/static.ferrovial.com\/wp-content\/uploads\/2023\/10\/18171754\/themovers-meenasalem-en.webp'\" title=\"\" width=\"1280\" height=\"100%\" >\n        <\/a>\n            <\/m-video>\n    \n\n\n<m-wysiwig class=\"wp-block-components-wysiwyg\"><div slot=\"maincontent\">\n<h3 class=\"wp-block-heading\">The Road to Reliable Traffic Management<\/h3>\n\n\n\n<p>Meena Salem loves numbers. She was born in Bombay, North India, and studied in Chennai, South India, where she graduated with a degree in Mathematics. One of her first jobs when she arrived in the U.S. was Quality Control Analyst for Cintra. Today, she is the Director of Toll Operation Systems where, together with her team, she makes sure drivers have a safe and reliable travel experience on Ferrovial\u2019s highways. In this episode, she shares her professional and personal journey and explains how a toll road is monitored.<\/p>\n<\/div><\/m-wysiwig>\n\n\n\n<m-wysiwig class=\"wp-block-components-wysiwyg\"><div slot=\"maincontent\">\n<h2 class=\"wp-block-heading\">Episode 4<\/h2>\n<\/div><\/m-wysiwig>\n\n\n    <m-video fullwidth>\n                        <p slot=\"type\">\n                                     <\/p>\n                        <a class='m-video__modal' slot='modal' href='https:\/\/www.youtube-nocookie.com\/embed\/S5qdEcQNbwQ'>\n            <img slot=\"poster\" v-lazy=\"'https:\/\/static.ferrovial.com\/wp-content\/uploads\/2023\/07\/21131029\/portadilla-generica-the-movers-4-en.png'\" title=\" \" width=\"1280\" height=\"100%\" >\n        <\/a>\n            <\/m-video>\n    \n\n\n<m-wysiwig class=\"wp-block-components-wysiwyg\"><div slot=\"maincontent\">\n<h3 class=\"wp-block-heading\">Community and Infrastructure: A Day in the Life of a Ferrovial PR Specialist<\/h3>\n\n\n\n<p>Gina Torres has always sought to make an impact using the most powerful tool: her voice. She soon discovered that her passion was public relations and not the media, and for over six years, she has been leading community communications for <a href=\"https:\/\/www.ferrovial.com\/en\/f-construction\/\">Ferrovial Construction<\/a> in Fresno, California. Following in her grandmother&#8217;s footsteps, she works to keep all parties informed, nurturing relationships with neighbors, authorities, farmers, and partners.<\/p>\n\n\n\n<p>In this episode, we delve into her busy day to learn more about the importance of communication (and always having a charged cell phone!).<\/p>\n<\/div><\/m-wysiwig>\n\n\n\n<m-wysiwig class=\"wp-block-components-wysiwyg\"><div slot=\"maincontent\">\n<h2 class=\"wp-block-heading\">Episode 3<\/h2>\n<\/div><\/m-wysiwig>\n\n\n    <m-video fullwidth>\n                <a class='m-video__modal' slot='modal' href='https:\/\/www.youtube-nocookie.com\/embed\/23k9jWxuaBo'>\n            <img slot=\"poster\" v-lazy=\"'https:\/\/static.ferrovial.com\/wp-content\/uploads\/2023\/07\/21130654\/portadilla-capitulo-completo-eng.jpg'\" title=\"\" width=\"1280\" height=\"100%\" >\n        <\/a>\n            <\/m-video>\n    \n\n\n<m-wysiwig class=\"wp-block-components-wysiwyg\"><div slot=\"maincontent\">\n<h3 class=\"wp-block-heading\">\u200aGliding Towards a More Inclusive and Innovative Aviation Sector<\/h3>\n\n\n\n<p>Fiona Smith was born in a village near Glasgow and has been interested in science and mathematics since she was a child, so much so that she decided to study aerospace engineering, an exciting challenge. She inherited her mother&#8217;s leadership skills which, combined with her many other qualities, has turned Fiona into a game changer in the aviation industry. As head of airfield strategy for AGS Airports, she is working hard to make the industry more innovative and inclusive. <br><br>In this episode she reveals what day-to-day life is like working at an airport and how she is evolving the industry in Scotland.<\/p>\n<\/div><\/m-wysiwig>\n\n\n\n<m-wysiwig class=\"wp-block-components-wysiwyg\"><div slot=\"maincontent\">\n<h2 class=\"wp-block-heading\">Episode 2<\/h2>\n<\/div><\/m-wysiwig>\n\n\n    <m-video fullwidth>\n                <a class='m-video__modal' slot='modal' href='https:\/\/www.youtube-nocookie.com\/embed\/2qpL8f0gED4'>\n            <img slot=\"poster\" v-lazy=\"'https:\/\/static.ferrovial.com\/wp-content\/uploads\/2023\/03\/31121332\/thumbnail-themovers-ryan-1280x720.png'\" title=\"\" width=\"1280\" height=\"100%\" >\n        <\/a>\n            <\/m-video>\n    \n\n\n<m-wysiwig class=\"wp-block-components-wysiwyg\"><div slot=\"maincontent\">\n<h3 class=\"wp-block-heading\">Transforming Houston through Infrastructure Development<\/h3>\n\n\n\n<p>Since he was a child, Ryan McCalla, was always fascinated by construction. He grew up in Houston and, as an engineer, has had the opportunity to actively develop his city. Today he&#8217;s the VP of Heavy Civil Operations in Texas for <a href=\"https:\/\/www.ferrovial.com\/en-us\/webber\/\">Webber<\/a>, where he started as an intern. <\/p>\n\n\n\n<p>So how did he end up becoming VP? In this episode, <a href=\"https:\/\/blog.ferrovial.com\/en\/2023\/03\/reshaping-infrastructure-to-connect-a-growing-texas-community\/\" target=\"_blank\" rel=\"noreferrer noopener\">we follow him during his working day and learn more about his journey<\/a>.<\/p>\n<\/div><\/m-wysiwig>\n\n\n\n<m-wysiwig class=\"wp-block-components-wysiwyg\"><div slot=\"maincontent\">\n<h2 class=\"wp-block-heading\">Episode 1<\/h2>\n<\/div><\/m-wysiwig>\n\n\n    <m-video fullwidth>\n                <a class='m-video__modal' slot='modal' href='https:\/\/www.youtube-nocookie.com\/embed\/p1F4LLidNX0'>\n            <img slot=\"poster\" v-lazy=\"'https:\/\/static.ferrovial.com\/wp-content\/uploads\/2023\/02\/08163214\/thumbnail-docuserie-themovers-laura-soler-ferrovial-en-1280x720.png'\" title=\"\" width=\"1280\" height=\"100%\" >\n        <\/a>\n            <\/m-video>\n    \n\n\n<m-wysiwig class=\"wp-block-components-wysiwyg\"><div slot=\"maincontent\">\n<h3 class=\"wp-block-heading\"><strong><strong>Madrid Architecture: Transforming the City You Call Home<\/strong><\/strong><\/h3>\n\n\n\n<p>Throughout her career as a construction manager, <a href=\"https:\/\/blog.ferrovial.com\/en\/2023\/02\/architecture-of-madrid-what-its-like-to-work-in-the-city-where-i-was-born\/\" target=\"_blank\" rel=\"noreferrer noopener\">Laura Soler has had the opportunity to work on many emblematic buildings in Madrid<\/a>, the city where she was born and which she loves to this day. From the <a href=\"https:\/\/www.ferrovial.com\/en\/business\/projects\/renovation-of-the-fronton-beti-jai-building-madrid\/\">Beti-Jai fronton<\/a> to the <a href=\"https:\/\/www.ferrovial.com\/en\/projects-ballester\/casa-de-la-panaderia-madrid-by-jose-manuel-ballester\/\">Casa de la Panader\u00eda<\/a> in Madrid&#8217;s iconic <a href=\"https:\/\/www.ferrovial.com\/en\/business\/projects\/plaza-mayor-of-madrid\/\">Plaza Mayor<\/a>. And this all started when she joined the Ferrovial team after finishing her degree in technical architecture.<\/p>\n\n\n\n<h3 class=\"wp-block-heading has-text-align-left\">#WeAreFerrovial<\/h3>\n<\/div><\/m-wysiwig>\n\n\n\n    <m-distributor-basic >\n                        <h2 slot=\"label\">\n                    For a world on the move                <\/h2>\n                                <h3 slot=\"title\">\n                    The Sound of a World on The Move                 <\/h3>\n                                <p slot=\"text\">\n                    Our company is invisible. And that\u2019s how it should be. Do you want to hear them?                <\/p>\n                                    <c-button slot='cta' type='primary' disabled='false' href='#'>\n                        <span>Learn more<\/span>\n                                        <\/c-button>\n                    \n        \n\n    <\/m-distributor-basic>\n    ","protected":false},"excerpt":{"rendered":"","protected":false},"author":41,"featured_media":0,"parent":0,"menu_order":0,"comment_status":"closed","ping_status":"closed","template":"","meta":{"footnotes":""},"acf":[],"yoast_head":"<!-- This site is optimized with the Yoast SEO plugin v21.1 - https:\/\/yoast.com\/wordpress\/plugins\/seo\/ -->\n<title>The Movers - Ferrovial<\/title>\n<meta name=\"robots\" content=\"index, follow, max-snippet:-1, max-image-preview:large, max-video-preview:-1\" \/>\n<link rel=\"canonical\" href=\"https:\/\/www.ferrovial.com\/en\/the-movers\/\" \/>\n<meta property=\"og:locale\" content=\"en_US\" \/>\n<meta property=\"og:type\" content=\"article\" \/>\n<meta property=\"og:title\" content=\"The Movers - Ferrovial\" \/>\n<meta property=\"og:url\" content=\"https:\/\/www.ferrovial.com\/en\/the-movers\/\" \/>\n<meta property=\"og:site_name\" content=\"Ferrovial\" \/>\n<meta property=\"article:publisher\" content=\"https:\/\/www.facebook.com\/ferrovial\" \/>\n<meta property=\"article:modified_time\" content=\"2023-11-27T12:06:38+00:00\" \/>\n<meta property=\"og:image\" content=\"https:\/\/www.ferrovial.com\/wp-content\/themes\/global\/front\/dist\/static\/img\/dots.svg\" \/>\n<meta name=\"twitter:card\" content=\"summary_large_image\" \/>\n<meta name=\"twitter:site\" content=\"@ferrovial\" \/>\n<meta name=\"twitter:label1\" content=\"Est. reading time\" \/>\n\t<meta name=\"twitter:data1\" content=\"3 minutes\" \/>\n<!-- \/ Yoast SEO plugin. -->","yoast_head_json":{"title":"The Movers - Ferrovial","robots":{"index":"index","follow":"follow","max-snippet":"max-snippet:-1","max-image-preview":"max-image-preview:large","max-video-preview":"max-video-preview:-1"},"canonical":"https:\/\/www.ferrovial.com\/en\/the-movers\/","og_locale":"en_US","og_type":"article","og_title":"The Movers - Ferrovial","og_url":"https:\/\/www.ferrovial.com\/en\/the-movers\/","og_site_name":"Ferrovial","article_publisher":"https:\/\/www.facebook.com\/ferrovial","article_modified_time":"2023-11-27T12:06:38+00:00","og_image":[{"url":"https:\/\/www.ferrovial.com\/wp-content\/themes\/global\/front\/dist\/static\/img\/dots.svg"}],"twitter_card":"summary_large_image","twitter_site":"@ferrovial","twitter_misc":{"Est. reading time":"3 minutes"},"schema":{"@context":"https:\/\/schema.org","@graph":[{"@type":"WebPage","@id":"https:\/\/www.ferrovial.com\/en\/the-movers\/","url":"https:\/\/www.ferrovial.com\/en\/the-movers\/","name":"The Movers - Ferrovial","isPartOf":{"@id":"https:\/\/www.ferrovial.com\/en\/#website"},"datePublished":"2023-02-08T15:46:03+00:00","dateModified":"2023-11-27T12:06:38+00:00","breadcrumb":{"@id":"https:\/\/www.ferrovial.com\/en\/the-movers\/#breadcrumb"},"inLanguage":"en","potentialAction":[{"@type":"ReadAction","target":["https:\/\/www.ferrovial.com\/en\/the-movers\/"]}]},{"@type":"BreadcrumbList","@id":"https:\/\/www.ferrovial.com\/en\/the-movers\/#breadcrumb","itemListElement":[{"@type":"ListItem","position":1,"name":"Portada","item":"https:\/\/www.ferrovial.com\/en\/"},{"@type":"ListItem","position":2,"name":"The Movers"}]},{"@type":"WebSite","@id":"https:\/\/www.ferrovial.com\/en\/#website","url":"https:\/\/www.ferrovial.com\/en\/","name":"Ferrovial","description":"","publisher":{"@id":"https:\/\/www.ferrovial.com\/en\/#organization"},"potentialAction":[{"@type":"SearchAction","target":{"@type":"EntryPoint","urlTemplate":"https:\/\/www.ferrovial.com\/en\/?s={search_term_string}"},"query-input":"required name=search_term_string"}],"inLanguage":"en"},{"@type":"Organization","@id":"https:\/\/www.ferrovial.com\/en\/#organization","name":"Ferrovial S.A.","url":"https:\/\/www.ferrovial.com\/en\/","logo":{"@type":"ImageObject","inLanguage":"en","@id":"https:\/\/www.ferrovial.com\/en\/#\/schema\/logo\/image\/","url":"https:\/\/static.ferrovial.com\/wp-content\/uploads\/2020\/01\/13124948\/logo-ferrovial-cf7.png","contentUrl":"https:\/\/static.ferrovial.com\/wp-content\/uploads\/2020\/01\/13124948\/logo-ferrovial-cf7.png","width":144,"height":32,"caption":"Ferrovial S.A."},"image":{"@id":"https:\/\/www.ferrovial.com\/en\/#\/schema\/logo\/image\/"},"sameAs":["https:\/\/www.facebook.com\/ferrovial","https:\/\/twitter.com\/ferrovial","https:\/\/www.instagram.com\/ferrovial\/","https:\/\/www.linkedin.com\/company\/ferrovial","https:\/\/www.pinterest.es\/ferrovial\/","https:\/\/www.youtube.com\/ferrovial","https:\/\/en.wikipedia.org\/wiki\/Ferrovial"]}]}},"_links":{"self":[{"href":"https:\/\/www.ferrovial.com\/en\/wp-json\/wp\/v2\/pages\/254275"}],"collection":[{"href":"https:\/\/www.ferrovial.com\/en\/wp-json\/wp\/v2\/pages"}],"about":[{"href":"https:\/\/www.ferrovial.com\/en\/wp-json\/wp\/v2\/types\/page"}],"author":[{"embeddable":true,"href":"https:\/\/www.ferrovial.com\/en\/wp-json\/wp\/v2\/users\/41"}],"replies":[{"embeddable":true,"href":"https:\/\/www.ferrovial.com\/en\/wp-json\/wp\/v2\/comments?post=254275"}],"version-history":[{"count":3,"href":"https:\/\/www.ferrovial.com\/en\/wp-json\/wp\/v2\/pages\/254275\/revisions"}],"predecessor-version":[{"id":271968,"href":"https:\/\/www.ferrovial.com\/en\/wp-json\/wp\/v2\/pages\/254275\/revisions\/271968"}],"wp:attachment":[{"href":"https:\/\/www.ferrovial.com\/en\/wp-json\/wp\/v2\/media?parent=254275"}],"curies":[{"name":"wp","href":"https:\/\/api.w.org\/{rel}","templated":true}]}}